{"id":6812,"date":"2023-04-25T19:49:30","date_gmt":"2023-04-25T17:49:30","guid":{"rendered":"https:\/\/pinocchio-spielwaren.ch\/wp\/?page_id=6812"},"modified":"2023-04-27T12:08:58","modified_gmt":"2023-04-27T10:08:58","slug":"spieleberatung","status":"publish","type":"page","link":"https:\/\/pinocchio-spielwaren.ch\/wp\/spieleberatung\/","title":{"rendered":"Spieleberatung"},"content":{"rendered":"\n<p style=\"text-align: center;\"><strong>Xavi B\u00fchlmann ist unser Spielexperte im Team.<\/strong><\/p>\n<p style=\"text-align: center;\">Gesellschaftsspiele sind seit vielen Jahren sein Hobby. <br \/>Er hat sich in der Schweiz l\u00e4ngst als Spielekenner einen Namen gemacht. Zudem ber\u00e4t Xavi B\u00fchlmann auch regelm\u00e4ssig Bibliothekar*innen, Mitarbeiter*innen von Ludotheken, Kinderg\u00e4rtner*innen und Lehrer*innen.<br \/>Seit 14 Jahren tr\u00e4gt er die Schweizer-Meisterschaft im Spiel &#8222;Die Siedler von Catan&#8220; in W\u00e4denswil aus.<\/p>\n<p style=\"text-align: center;\">Egal ob ein erstes Kinderspiel ab 2 Jahren, ein Familienspiel, ein Partyspiel oder aber ein Kennerspiel &#8211; ein guter Tipp ist dir sicher!<\/p>\n<p style=\"text-align: center;\">F\u00fcr eine individuelle Spieleberatung triffst du Xavi B\u00fchlmann meistens am Mittwochnachmittag sowie freitags und samstags im Pinocchio an.<\/p>\n\t<div id=\"gap-167672755\" class=\"gap-element clearfix\" style=\"display:block; height:auto;\">\n\t\t\n<style>\n#gap-167672755 {\n  padding-top: 30px;\n}\n<\/style>\n\t<\/div>\n\t\n\n<div class=\"row\"  id=\"row-1291855139\">\n\n\n\t<div id=\"col-976811629\" class=\"col medium-4 small-12 large-4\"  >\n\t\t\t\t<div class=\"col-inner\"  >\n\t\t\t\n\t\t\t\n\n\t<div class=\"img has-hover x md-x lg-x y md-y lg-y\" id=\"image_1870865668\">\n\t\t\t\t\t\t\t\t<div class=\"img-inner image-cover dark\" style=\"padding-top:100%;\">\n\t\t\t<img loading=\"lazy\" decoding=\"async\" width=\"679\" height=\"500\" src=\"https:\/\/pinocchio-spielwaren.ch\/wp\/wp-content\/uploads\/2021\/02\/smart-games.jpg\" class=\"attachment-original size-original\" alt=\"\" srcset=\"https:\/\/pinocchio-spielwaren.ch\/wp\/wp-content\/uploads\/2021\/02\/smart-games.jpg 679w, https:\/\/pinocchio-spielwaren.ch\/wp\/wp-content\/uploads\/2021\/02\/smart-games-543x400.jpg 543w\" sizes=\"auto, (max-width: 679px) 100vw, 679px\" \/>\t\t\t\t\t\t\n\t\t\t\t\t<\/div>\n\t\t\t\t\t\t\t\t\n<style>\n#image_1870865668 {\n  width: 100%;\n}\n<\/style>\n\t<\/div>\n\t\n\n\n\t\t<\/div>\n\t\t\t\t\t<\/div>\n\n\t\n\n\t<div id=\"col-40362430\" class=\"col medium-4 small-12 large-4\"  >\n\t\t\t\t<div class=\"col-inner\"  >\n\t\t\t\n\t\t\t\n\n\t<div class=\"img has-hover x md-x lg-x y md-y lg-y\" id=\"image_1591872117\">\n\t\t\t\t\t\t\t\t<div class=\"img-inner image-cover dark\" style=\"padding-top:100%;\">\n\t\t\t<img loading=\"lazy\" decoding=\"async\" width=\"2000\" height=\"1185\" src=\"https:\/\/pinocchio-spielwaren.ch\/wp\/wp-content\/uploads\/2023\/04\/CATAN_3D_board.jpg\" class=\"attachment-original size-original\" alt=\"\" srcset=\"https:\/\/pinocchio-spielwaren.ch\/wp\/wp-content\/uploads\/2023\/04\/CATAN_3D_board.jpg 2000w, https:\/\/pinocchio-spielwaren.ch\/wp\/wp-content\/uploads\/2023\/04\/CATAN_3D_board-675x400.jpg 675w, https:\/\/pinocchio-spielwaren.ch\/wp\/wp-content\/uploads\/2023\/04\/CATAN_3D_board-1350x800.jpg 1350w, https:\/\/pinocchio-spielwaren.ch\/wp\/wp-content\/uploads\/2023\/04\/CATAN_3D_board-150x89.jpg 150w, https:\/\/pinocchio-spielwaren.ch\/wp\/wp-content\/uploads\/2023\/04\/CATAN_3D_board-768x455.jpg 768w, https:\/\/pinocchio-spielwaren.ch\/wp\/wp-content\/uploads\/2023\/04\/CATAN_3D_board-1536x910.jpg 1536w, https:\/\/pinocchio-spielwaren.ch\/wp\/wp-content\/uploads\/2023\/04\/CATAN_3D_board-1200x711.jpg 1200w\" sizes=\"auto, (max-width: 2000px) 100vw, 2000px\" \/>\t\t\t\t\t\t\n\t\t\t\t\t<\/div>\n\t\t\t\t\t\t\t\t\n<style>\n#image_1591872117 {\n  width: 100%;\n}\n<\/style>\n\t<\/div>\n\t\n\n\n\t\t<\/div>\n\t\t\t\t\t<\/div>\n\n\t\n\n\t<div id=\"col-583923430\" class=\"col medium-4 small-12 large-4\"  >\n\t\t\t\t<div class=\"col-inner\"  >\n\t\t\t\n\t\t\t\n\n\t<div class=\"img has-hover x md-x lg-x y md-y lg-y\" id=\"image_256736496\">\n\t\t\t\t\t\t\t\t<div class=\"img-inner image-cover dark\" style=\"padding-top:100%;\">\n\t\t\t<img loading=\"lazy\" decoding=\"async\" width=\"600\" height=\"600\" src=\"https:\/\/pinocchio-spielwaren.ch\/wp\/wp-content\/uploads\/2021\/12\/Baumkronen4.jpg\" class=\"attachment-large size-large\" alt=\"\" srcset=\"https:\/\/pinocchio-spielwaren.ch\/wp\/wp-content\/uploads\/2021\/12\/Baumkronen4.jpg 600w, https:\/\/pinocchio-spielwaren.ch\/wp\/wp-content\/uploads\/2021\/12\/Baumkronen4-400x400.jpg 400w, https:\/\/pinocchio-spielwaren.ch\/wp\/wp-content\/uploads\/2021\/12\/Baumkronen4-150x150.jpg 150w, https:\/\/pinocchio-spielwaren.ch\/wp\/wp-content\/uploads\/2021\/12\/Baumkronen4-100x100.jpg 100w\" sizes=\"auto, (max-width: 600px) 100vw, 600px\" \/>\t\t\t\t\t\t\n\t\t\t\t\t<\/div>\n\t\t\t\t\t\t\t\t\n<style>\n#image_256736496 {\n  width: 100%;\n}\n<\/style>\n\t<\/div>\n\t\n\n\n\t\t<\/div>\n\t\t\t\t\t<\/div>\n\n\t\n\n<\/div>\n\n","protected":false},"excerpt":{"rendered":"","protected":false},"author":4,"featured_media":3073,"parent":0,"menu_order":0,"comment_status":"closed","ping_status":"closed","template":"","meta":{"footnotes":""},"class_list":["post-6812","page","type-page","status-publish","has-post-thumbnail","hentry"],"_links":{"self":[{"href":"https:\/\/pinocchio-spielwaren.ch\/wp\/wp-json\/wp\/v2\/pages\/6812","targetHints":{"allow":["GET"]}}],"collection":[{"href":"https:\/\/pinocchio-spielwaren.ch\/wp\/wp-json\/wp\/v2\/pages"}],"about":[{"href":"https:\/\/pinocchio-spielwaren.ch\/wp\/wp-json\/wp\/v2\/types\/page"}],"author":[{"embeddable":true,"href":"https:\/\/pinocchio-spielwaren.ch\/wp\/wp-json\/wp\/v2\/users\/4"}],"replies":[{"embeddable":true,"href":"https:\/\/pinocchio-spielwaren.ch\/wp\/wp-json\/wp\/v2\/comments?post=6812"}],"version-history":[{"count":0,"href":"https:\/\/pinocchio-spielwaren.ch\/wp\/wp-json\/wp\/v2\/pages\/6812\/revisions"}],"wp:featuredmedia":[{"embeddable":true,"href":"https:\/\/pinocchio-spielwaren.ch\/wp\/wp-json\/wp\/v2\/media\/3073"}],"wp:attachment":[{"href":"https:\/\/pinocchio-spielwaren.ch\/wp\/wp-json\/wp\/v2\/media?parent=6812"}],"curies":[{"name":"wp","href":"https:\/\/api.w.org\/{rel}","templated":true}]}}